{"id":860,"date":"2017-10-27T17:16:39","date_gmt":"2017-10-27T19:16:39","guid":{"rendered":"https:\/\/danielbydlowski.com\/?page_id=860"},"modified":"2025-02-18T09:47:37","modified_gmt":"2025-02-18T12:47:37","slug":"campanha","status":"publish","type":"page","link":"https:\/\/danielbydlowski.com\/pt-br\/campanha\/","title":{"rendered":"Bullies"},"content":{"rendered":"\t\t<div data-elementor-type=\"wp-page\" data-elementor-id=\"860\" class=\"elementor elementor-860\">\n\t\t\t\t<div class=\"elementor-element elementor-element-33619d8 e-flex e-con-boxed e-con e-parent\" data-id=\"33619d8\" data-element_type=\"container\" data-e-type=\"container\">\n\t\t\t\t\t<div class=\"e-con-inner\">\n\t\t\t\t<div class=\"elementor-element elementor-element-c6cde58 elementor-widget elementor-widget-image\" data-id=\"c6cde58\" data-element_type=\"widget\" data-e-type=\"widget\" data-widget_type=\"image.default\">\n\t\t\t\t<div class=\"elementor-widget-container\">\n\t\t\t\t\t\t\t\t\t\t\t\t\t\t\t<img fetchpriority=\"high\" decoding=\"async\" width=\"768\" height=\"496\" src=\"https:\/\/danielbydlowski.com\/wp-content\/uploads\/2017\/11\/shutterstock_277762631-menor-b-768x496.jpg\" class=\"attachment-medium_large size-medium_large wp-image-1666\" alt=\"\" srcset=\"https:\/\/danielbydlowski.com\/wp-content\/uploads\/2017\/11\/shutterstock_277762631-menor-b-768x496.jpg 768w, https:\/\/danielbydlowski.com\/wp-content\/uploads\/2017\/11\/shutterstock_277762631-menor-b-300x194.jpg 300w, https:\/\/danielbydlowski.com\/wp-content\/uploads\/2017\/11\/shutterstock_277762631-menor-b-1024x661.jpg 1024w, https:\/\/danielbydlowski.com\/wp-content\/uploads\/2017\/11\/shutterstock_277762631-menor-b.jpg 1920w\" sizes=\"(max-width: 768px) 100vw, 768px\" \/>\t\t\t\t\t\t\t\t\t\t\t\t\t\t\t<\/div>\n\t\t\t\t<\/div>\n\t\t\t\t\t<\/div>\n\t\t\t\t<\/div>\n\t\t<div class=\"elementor-element elementor-element-a36cc6b e-flex e-con-boxed e-con e-parent\" data-id=\"a36cc6b\" data-element_type=\"container\" data-e-type=\"container\">\n\t\t\t\t\t<div class=\"e-con-inner\">\n\t\t\t\t<div class=\"elementor-element elementor-element-a755489 elementor-widget elementor-widget-heading\" data-id=\"a755489\" data-element_type=\"widget\" data-e-type=\"widget\" data-widget_type=\"heading.default\">\n\t\t\t\t<div class=\"elementor-widget-container\">\n\t\t\t\t\t<h2 class=\"elementor-heading-title elementor-size-default\">Campanha \u201cMAIS ENTRETENIMENTO, menos bullying\u201d do cineasta Daniel Bydlowski \u00e9 lan\u00e7ada mundialmente!<\/h2>\t\t\t\t<\/div>\n\t\t\t\t<\/div>\n\t\t\t\t<div class=\"elementor-element elementor-element-d475b48 elementor-widget elementor-widget-text-editor\" data-id=\"d475b48\" data-element_type=\"widget\" data-e-type=\"widget\" data-widget_type=\"text-editor.default\">\n\t\t\t\t<div class=\"elementor-widget-container\">\n\t\t\t\t\t\t\t\t\t<p>Juntamente com o lan\u00e7amento de seu filme, <a href=\"https:\/\/www.bulliesfilm.com\/\" target=\"_blank\" rel=\"noopener noreferrer\">Bullies<\/a>, baseado em fatos reais da vida escolar do pr\u00f3prio cineasta que tamb\u00e9m sofreu este tipo de agress\u00e3o, <a href=\"https:\/\/danielbydlowski.com\/about\/\" target=\"_blank\" rel=\"noopener noreferrer\">Daniel Bydlowski<\/a>, morador e estudante em Los Angeles, lan\u00e7a a campanha MAIS ENTRETENIMENTO, menos bullying.<\/p><p>A campanha, que come\u00e7a a ganhar forma e apoiadores agora em 2017, tem o intuito de que o entretenimento de forma criativa e saud\u00e1vel ajude na solu\u00e7\u00e3o de problemas como o bullying.<\/p>\t\t\t\t\t\t\t\t<\/div>\n\t\t\t\t<\/div>\n\t\t\t\t\t<\/div>\n\t\t\t\t<\/div>\n\t\t<div class=\"elementor-element elementor-element-d153bed e-flex e-con-boxed e-con e-parent\" data-id=\"d153bed\" data-element_type=\"container\" data-e-type=\"container\">\n\t\t\t\t\t<div class=\"e-con-inner\">\n\t\t\t\t<div class=\"elementor-element elementor-element-69b3dc6 elementor-widget elementor-widget-heading\" data-id=\"69b3dc6\" data-element_type=\"widget\" data-e-type=\"widget\" data-widget_type=\"heading.default\">\n\t\t\t\t<div class=\"elementor-widget-container\">\n\t\t\t\t\t<h2 class=\"elementor-heading-title elementor-size-default\">A IDEIA<\/h2>\t\t\t\t<\/div>\n\t\t\t\t<\/div>\n\t\t\t\t<div class=\"elementor-element elementor-element-132faf5 elementor-widget elementor-widget-text-editor\" data-id=\"132faf5\" data-element_type=\"widget\" data-e-type=\"widget\" data-widget_type=\"text-editor.default\">\n\t\t\t\t<div class=\"elementor-widget-container\">\n\t\t\t\t\t\t\t\t\t<p>Por acreditar que h\u00e1 maneiras diferentes das atuais para ajudar as crian\u00e7as a lidarem com o bullying, Daniel lan\u00e7a esta campanha propondo que, atrav\u00e9s do entretenimento, as crian\u00e7as, que muitas vezes escondem estes traumas, percebam que elas podem encontrar a sua forma pr\u00f3pria de enfrentar o problema.<\/p><p>A ideia \u00e9 que elas entendam o quanto o bullying \u00e9 algo que deve, de fato, ser encarado.<\/p><p>Afinal, ele existe e continua prejudicando v\u00e1rias crian\u00e7as na forma\u00e7\u00e3o escolar, causando traumas e reflexos na vida adulta.<\/p>\t\t\t\t\t\t\t\t<\/div>\n\t\t\t\t<\/div>\n\t\t\t\t\t<\/div>\n\t\t\t\t<\/div>\n\t\t<div class=\"elementor-element elementor-element-ea4099f e-flex e-con-boxed e-con e-parent\" data-id=\"ea4099f\" data-element_type=\"container\" data-e-type=\"container\">\n\t\t\t\t\t<div class=\"e-con-inner\">\n\t\t\t\t<div class=\"elementor-element elementor-element-10d4b79 elementor-widget elementor-widget-heading\" data-id=\"10d4b79\" data-element_type=\"widget\" data-e-type=\"widget\" data-widget_type=\"heading.default\">\n\t\t\t\t<div class=\"elementor-widget-container\">\n\t\t\t\t\t<h2 class=\"elementor-heading-title elementor-size-default\">FA\u00c7A PARTE DESTA CAMPANHA<\/h2>\t\t\t\t<\/div>\n\t\t\t\t<\/div>\n\t\t\t\t<div class=\"elementor-element elementor-element-aaa2f4a elementor-widget elementor-widget-text-editor\" data-id=\"aaa2f4a\" data-element_type=\"widget\" data-e-type=\"widget\" data-widget_type=\"text-editor.default\">\n\t\t\t\t<div class=\"elementor-widget-container\">\n\t\t\t\t\t\t\t\t\tAs ONGs, escolas p\u00fablicas, privadas, entidades governamentais e n\u00e3o governamentais, artistas, cineastas, enfim, voc\u00ea e todos os que quiserem abra\u00e7ar a causa ser\u00e3o bem-vindos! Baixe o selo e divulgue nas suas redes sociais e\/ou distribua de forma impressa.\t\t\t\t\t\t\t\t<\/div>\n\t\t\t\t<\/div>\n\t\t\t\t\t<\/div>\n\t\t\t\t<\/div>\n\t\t<div class=\"elementor-element elementor-element-2402da9 e-flex e-con-boxed e-con e-parent\" data-id=\"2402da9\" data-element_type=\"container\" data-e-type=\"container\">\n\t\t\t\t\t<div class=\"e-con-inner\">\n\t\t<div class=\"elementor-element elementor-element-8ef2881 e-con-full e-flex e-con e-child\" data-id=\"8ef2881\" data-element_type=\"container\" data-e-type=\"container\">\n\t\t\t\t<div class=\"elementor-element elementor-element-6170bea elementor-align-center elementor-widget elementor-widget-button\" data-id=\"6170bea\" data-element_type=\"widget\" data-e-type=\"widget\" data-widget_type=\"button.default\">\n\t\t\t\t<div class=\"elementor-widget-container\">\n\t\t\t\t\t\t\t\t\t<div class=\"elementor-button-wrapper\">\n\t\t\t\t\t<a class=\"elementor-button elementor-button-link elementor-size-sm\" href=\"https:\/\/danielbydlowski.com\/wp-content\/uploads\/2017\/11\/Bullies-arquivo-online.png\">\n\t\t\t\t\t\t<span class=\"elementor-button-content-wrapper\">\n\t\t\t\t\t\t\t\t\t<span class=\"elementor-button-text\">ARQUIVO ON-LINE<\/span>\n\t\t\t\t\t<\/span>\n\t\t\t\t\t<\/a>\n\t\t\t\t<\/div>\n\t\t\t\t\t\t\t\t<\/div>\n\t\t\t\t<\/div>\n\t\t\t\t<\/div>\n\t\t<div class=\"elementor-element elementor-element-a2c46a1 e-con-full e-flex e-con e-child\" data-id=\"a2c46a1\" data-element_type=\"container\" data-e-type=\"container\">\n\t\t\t\t<div class=\"elementor-element elementor-element-5b112a4 elementor-align-center elementor-widget elementor-widget-button\" data-id=\"5b112a4\" data-element_type=\"widget\" data-e-type=\"widget\" data-widget_type=\"button.default\">\n\t\t\t\t<div class=\"elementor-widget-container\">\n\t\t\t\t\t\t\t\t\t<div class=\"elementor-button-wrapper\">\n\t\t\t\t\t<a class=\"elementor-button elementor-button-link elementor-size-sm\" href=\"https:\/\/danielbydlowski.com\/wp-content\/uploads\/2017\/11\/Bullies-arquivo-impresso.pdf\">\n\t\t\t\t\t\t<span class=\"elementor-button-content-wrapper\">\n\t\t\t\t\t\t\t\t\t<span class=\"elementor-button-text\">ARQUIVO IMPRESSO<\/span>\n\t\t\t\t\t<\/span>\n\t\t\t\t\t<\/a>\n\t\t\t\t<\/div>\n\t\t\t\t\t\t\t\t<\/div>\n\t\t\t\t<\/div>\n\t\t\t\t<\/div>\n\t\t\t\t\t<\/div>\n\t\t\t\t<\/div>\n\t\t<div class=\"elementor-element elementor-element-194e9bf e-flex e-con-boxed e-con e-parent\" data-id=\"194e9bf\" data-element_type=\"container\" data-e-type=\"container\">\n\t\t\t\t\t<div class=\"e-con-inner\">\n\t\t\t\t<div class=\"elementor-element elementor-element-cb2bef2 elementor-widget elementor-widget-heading\" data-id=\"cb2bef2\" data-element_type=\"widget\" data-e-type=\"widget\" data-widget_type=\"heading.default\">\n\t\t\t\t<div class=\"elementor-widget-container\">\n\t\t\t\t\t<h2 class=\"elementor-heading-title elementor-size-default\">PROJETO<\/h2>\t\t\t\t<\/div>\n\t\t\t\t<\/div>\n\t\t\t\t<div class=\"elementor-element elementor-element-ed2d347 elementor-widget elementor-widget-text-editor\" data-id=\"ed2d347\" data-element_type=\"widget\" data-e-type=\"widget\" data-widget_type=\"text-editor.default\">\n\t\t\t\t<div class=\"elementor-widget-container\">\n\t\t\t\t\t\t\t\t\tAs ONGs, escolas p\u00fablicas, privadas, entidades governamentais e n\u00e3o governamentais, artistas, cineastas, enfim, voc\u00ea e todos os que quiserem abra\u00e7ar a causa ser\u00e3o bem-vindos! Baixe o selo e divulgue nas suas redes sociais e\/ou distribua de forma impressa. 2018, Daniel pretende lan\u00e7ar o projeto de levar o cinema para dentro das escolas, de forma inovadora, como um meio de ajudar na solu\u00e7\u00e3o de problemas como o bullying.\n\nCaso queira enviar suas sugest\u00f5es e ser um colaborador deste projeto que se inicia agora, por favor, entre em contato com nossa equipe.\t\t\t\t\t\t\t\t<\/div>\n\t\t\t\t<\/div>\n\t\t\t\t<div class=\"elementor-element elementor-element-799dfd5 elementor-align-center elementor-widget elementor-widget-button\" data-id=\"799dfd5\" data-element_type=\"widget\" data-e-type=\"widget\" data-widget_type=\"button.default\">\n\t\t\t\t<div class=\"elementor-widget-container\">\n\t\t\t\t\t\t\t\t\t<div class=\"elementor-button-wrapper\">\n\t\t\t\t\t<a class=\"elementor-button elementor-button-link elementor-size-sm\" href=\"\/contato\">\n\t\t\t\t\t\t<span class=\"elementor-button-content-wrapper\">\n\t\t\t\t\t\t\t\t\t<span class=\"elementor-button-text\">ENTRE EM CONTATO<\/span>\n\t\t\t\t\t<\/span>\n\t\t\t\t\t<\/a>\n\t\t\t\t<\/div>\n\t\t\t\t\t\t\t\t<\/div>\n\t\t\t\t<\/div>\n\t\t\t\t\t<\/div>\n\t\t\t\t<\/div>\n\t\t\t\t<\/div>\n\t\t","protected":false},"excerpt":{"rendered":"<p>Campanha \u201cMAIS ENTRETENIMENTO, menos bullying\u201d do cineasta Daniel Bydlowski \u00e9 lan\u00e7ada mundialmente! Juntamente com o lan\u00e7amento de seu filme, Bullies, baseado em fatos reais da vida escolar do pr\u00f3prio cineasta que tamb\u00e9m sofreu este tipo de agress\u00e3o, Daniel Bydlowski, morador e estudante em Los Angeles, lan\u00e7a a campanha MAIS ENTRETENIMENTO, menos bullying. A campanha, que [&hellip;]<\/p>\n","protected":false},"author":1,"featured_media":0,"parent":0,"menu_order":0,"comment_status":"closed","ping_status":"closed","template":"","meta":{"footnotes":""},"class_list":["post-860","page","type-page","status-publish","hentry"],"blocksy_meta":[],"yoast_head":"<!-- This site is optimized with the Yoast SEO plugin v27.3 - https:\/\/yoast.com\/product\/yoast-seo-wordpress\/ -->\n<title>Campanha Mais Entretenimento Menos Bullying - Daniel Bydlowski<\/title>\n<meta name=\"description\" content=\"Idealizada pelo cineasta Daniel Bydlowski, tem o intuito de que o entretenimento de forma criativa e saud\u00e1vel ajuda na solu\u00e7\u00e3o de problemas como o bullying\" \/>\n<meta name=\"robots\" content=\"index, follow, max-snippet:-1, max-image-preview:large, max-video-preview:-1\" \/>\n<link rel=\"canonical\" href=\"https:\/\/danielbydlowski.com\/pt-br\/campanha\/\" \/>\n<meta property=\"og:locale\" content=\"pt_BR\" \/>\n<meta property=\"og:type\" content=\"article\" \/>\n<meta property=\"og:title\" content=\"Campanha Mais Entretenimento Menos Bullying - Daniel Bydlowski\" \/>\n<meta property=\"og:description\" content=\"Idealizada pelo cineasta Daniel Bydlowski, tem o intuito de que o entretenimento de forma criativa e saud\u00e1vel ajuda na solu\u00e7\u00e3o de problemas como o bullying\" \/>\n<meta property=\"og:url\" content=\"https:\/\/danielbydlowski.com\/pt-br\/campanha\/\" \/>\n<meta property=\"og:site_name\" content=\"Daniel Bydlowski\" \/>\n<meta property=\"article:publisher\" content=\"https:\/\/www.facebook.com\/DanielBydlowski\" \/>\n<meta property=\"article:modified_time\" content=\"2025-02-18T12:47:37+00:00\" \/>\n<meta property=\"og:image\" content=\"https:\/\/danielbydlowski.com\/wp-content\/uploads\/2017\/11\/shutterstock_277762631-menor-b.jpg\" \/>\n\t<meta property=\"og:image:width\" content=\"1920\" \/>\n\t<meta property=\"og:image:height\" content=\"1239\" \/>\n\t<meta property=\"og:image:type\" content=\"image\/jpeg\" \/>\n<meta name=\"twitter:card\" content=\"summary_large_image\" \/>\n<meta name=\"twitter:label1\" content=\"Est. tempo de leitura\" \/>\n\t<meta name=\"twitter:data1\" content=\"2 minutos\" \/>\n<script type=\"application\/ld+json\" class=\"yoast-schema-graph\">{\"@context\":\"https:\\\/\\\/schema.org\",\"@graph\":[{\"@type\":\"WebPage\",\"@id\":\"https:\\\/\\\/danielbydlowski.com\\\/pt-br\\\/campanha\\\/\",\"url\":\"https:\\\/\\\/danielbydlowski.com\\\/pt-br\\\/campanha\\\/\",\"name\":\"Campanha Mais Entretenimento Menos Bullying - Daniel Bydlowski\",\"isPartOf\":{\"@id\":\"https:\\\/\\\/danielbydlowski.com\\\/#website\"},\"primaryImageOfPage\":{\"@id\":\"https:\\\/\\\/danielbydlowski.com\\\/pt-br\\\/campanha\\\/#primaryimage\"},\"image\":{\"@id\":\"https:\\\/\\\/danielbydlowski.com\\\/pt-br\\\/campanha\\\/#primaryimage\"},\"thumbnailUrl\":\"https:\\\/\\\/danielbydlowski.com\\\/wp-content\\\/uploads\\\/2017\\\/11\\\/shutterstock_277762631-menor-b-768x496.jpg\",\"datePublished\":\"2017-10-27T19:16:39+00:00\",\"dateModified\":\"2025-02-18T12:47:37+00:00\",\"description\":\"Idealizada pelo cineasta Daniel Bydlowski, tem o intuito de que o entretenimento de forma criativa e saud\u00e1vel ajuda na solu\u00e7\u00e3o de problemas como o bullying\",\"breadcrumb\":{\"@id\":\"https:\\\/\\\/danielbydlowski.com\\\/pt-br\\\/campanha\\\/#breadcrumb\"},\"inLanguage\":\"pt-BR\",\"potentialAction\":[{\"@type\":\"ReadAction\",\"target\":[\"https:\\\/\\\/danielbydlowski.com\\\/pt-br\\\/campanha\\\/\"]}]},{\"@type\":\"ImageObject\",\"inLanguage\":\"pt-BR\",\"@id\":\"https:\\\/\\\/danielbydlowski.com\\\/pt-br\\\/campanha\\\/#primaryimage\",\"url\":\"https:\\\/\\\/danielbydlowski.com\\\/wp-content\\\/uploads\\\/2017\\\/11\\\/shutterstock_277762631-menor-b-768x496.jpg\",\"contentUrl\":\"https:\\\/\\\/danielbydlowski.com\\\/wp-content\\\/uploads\\\/2017\\\/11\\\/shutterstock_277762631-menor-b-768x496.jpg\"},{\"@type\":\"BreadcrumbList\",\"@id\":\"https:\\\/\\\/danielbydlowski.com\\\/pt-br\\\/campanha\\\/#breadcrumb\",\"itemListElement\":[{\"@type\":\"ListItem\",\"position\":1,\"name\":\"In\u00edcio\",\"item\":\"https:\\\/\\\/danielbydlowski.com\\\/\"},{\"@type\":\"ListItem\",\"position\":2,\"name\":\"Bullies\"}]},{\"@type\":\"WebSite\",\"@id\":\"https:\\\/\\\/danielbydlowski.com\\\/#website\",\"url\":\"https:\\\/\\\/danielbydlowski.com\\\/\",\"name\":\"Daniel Bydlowski\",\"description\":\"Film Director\",\"potentialAction\":[{\"@type\":\"SearchAction\",\"target\":{\"@type\":\"EntryPoint\",\"urlTemplate\":\"https:\\\/\\\/danielbydlowski.com\\\/?s={search_term_string}\"},\"query-input\":{\"@type\":\"PropertyValueSpecification\",\"valueRequired\":true,\"valueName\":\"search_term_string\"}}],\"inLanguage\":\"pt-BR\"}]}<\/script>\n<!-- \/ Yoast SEO plugin. -->","yoast_head_json":{"title":"Campanha Mais Entretenimento Menos Bullying - Daniel Bydlowski","description":"Idealizada pelo cineasta Daniel Bydlowski, tem o intuito de que o entretenimento de forma criativa e saud\u00e1vel ajuda na solu\u00e7\u00e3o de problemas como o bullying","robots":{"index":"index","follow":"follow","max-snippet":"max-snippet:-1","max-image-preview":"max-image-preview:large","max-video-preview":"max-video-preview:-1"},"canonical":"https:\/\/danielbydlowski.com\/pt-br\/campanha\/","og_locale":"pt_BR","og_type":"article","og_title":"Campanha Mais Entretenimento Menos Bullying - Daniel Bydlowski","og_description":"Idealizada pelo cineasta Daniel Bydlowski, tem o intuito de que o entretenimento de forma criativa e saud\u00e1vel ajuda na solu\u00e7\u00e3o de problemas como o bullying","og_url":"https:\/\/danielbydlowski.com\/pt-br\/campanha\/","og_site_name":"Daniel Bydlowski","article_publisher":"https:\/\/www.facebook.com\/DanielBydlowski","article_modified_time":"2025-02-18T12:47:37+00:00","og_image":[{"width":1920,"height":1239,"url":"https:\/\/danielbydlowski.com\/wp-content\/uploads\/2017\/11\/shutterstock_277762631-menor-b.jpg","type":"image\/jpeg"}],"twitter_card":"summary_large_image","twitter_misc":{"Est. tempo de leitura":"2 minutos"},"schema":{"@context":"https:\/\/schema.org","@graph":[{"@type":"WebPage","@id":"https:\/\/danielbydlowski.com\/pt-br\/campanha\/","url":"https:\/\/danielbydlowski.com\/pt-br\/campanha\/","name":"Campanha Mais Entretenimento Menos Bullying - Daniel Bydlowski","isPartOf":{"@id":"https:\/\/danielbydlowski.com\/#website"},"primaryImageOfPage":{"@id":"https:\/\/danielbydlowski.com\/pt-br\/campanha\/#primaryimage"},"image":{"@id":"https:\/\/danielbydlowski.com\/pt-br\/campanha\/#primaryimage"},"thumbnailUrl":"https:\/\/danielbydlowski.com\/wp-content\/uploads\/2017\/11\/shutterstock_277762631-menor-b-768x496.jpg","datePublished":"2017-10-27T19:16:39+00:00","dateModified":"2025-02-18T12:47:37+00:00","description":"Idealizada pelo cineasta Daniel Bydlowski, tem o intuito de que o entretenimento de forma criativa e saud\u00e1vel ajuda na solu\u00e7\u00e3o de problemas como o bullying","breadcrumb":{"@id":"https:\/\/danielbydlowski.com\/pt-br\/campanha\/#breadcrumb"},"inLanguage":"pt-BR","potentialAction":[{"@type":"ReadAction","target":["https:\/\/danielbydlowski.com\/pt-br\/campanha\/"]}]},{"@type":"ImageObject","inLanguage":"pt-BR","@id":"https:\/\/danielbydlowski.com\/pt-br\/campanha\/#primaryimage","url":"https:\/\/danielbydlowski.com\/wp-content\/uploads\/2017\/11\/shutterstock_277762631-menor-b-768x496.jpg","contentUrl":"https:\/\/danielbydlowski.com\/wp-content\/uploads\/2017\/11\/shutterstock_277762631-menor-b-768x496.jpg"},{"@type":"BreadcrumbList","@id":"https:\/\/danielbydlowski.com\/pt-br\/campanha\/#breadcrumb","itemListElement":[{"@type":"ListItem","position":1,"name":"In\u00edcio","item":"https:\/\/danielbydlowski.com\/"},{"@type":"ListItem","position":2,"name":"Bullies"}]},{"@type":"WebSite","@id":"https:\/\/danielbydlowski.com\/#website","url":"https:\/\/danielbydlowski.com\/","name":"Daniel Bydlowski","description":"Film Director","potentialAction":[{"@type":"SearchAction","target":{"@type":"EntryPoint","urlTemplate":"https:\/\/danielbydlowski.com\/?s={search_term_string}"},"query-input":{"@type":"PropertyValueSpecification","valueRequired":true,"valueName":"search_term_string"}}],"inLanguage":"pt-BR"}]}},"_links":{"self":[{"href":"https:\/\/danielbydlowski.com\/pt-br\/wp-json\/wp\/v2\/pages\/860","targetHints":{"allow":["GET"]}}],"collection":[{"href":"https:\/\/danielbydlowski.com\/pt-br\/wp-json\/wp\/v2\/pages"}],"about":[{"href":"https:\/\/danielbydlowski.com\/pt-br\/wp-json\/wp\/v2\/types\/page"}],"author":[{"embeddable":true,"href":"https:\/\/danielbydlowski.com\/pt-br\/wp-json\/wp\/v2\/users\/1"}],"replies":[{"embeddable":true,"href":"https:\/\/danielbydlowski.com\/pt-br\/wp-json\/wp\/v2\/comments?post=860"}],"version-history":[{"count":119,"href":"https:\/\/danielbydlowski.com\/pt-br\/wp-json\/wp\/v2\/pages\/860\/revisions"}],"predecessor-version":[{"id":2305,"href":"https:\/\/danielbydlowski.com\/pt-br\/wp-json\/wp\/v2\/pages\/860\/revisions\/2305"}],"wp:attachment":[{"href":"https:\/\/danielbydlowski.com\/pt-br\/wp-json\/wp\/v2\/media?parent=860"}],"curies":[{"name":"wp","href":"https:\/\/api.w.org\/{rel}","templated":true}]}}