{"id":288,"date":"2016-10-04T11:52:11","date_gmt":"2016-10-04T14:52:11","guid":{"rendered":"https:\/\/danielbydlowski.com\/?page_id=288"},"modified":"2025-02-18T09:22:28","modified_gmt":"2025-02-18T12:22:28","slug":"releases","status":"publish","type":"page","link":"https:\/\/danielbydlowski.com\/pt-br\/releases\/","title":{"rendered":"Releases"},"content":{"rendered":"\t\t<div data-elementor-type=\"wp-page\" data-elementor-id=\"288\" class=\"elementor elementor-288\">\n\t\t\t\t<div class=\"elementor-element elementor-element-313da817 e-flex e-con-boxed e-con e-parent\" data-id=\"313da817\" data-element_type=\"container\" data-e-type=\"container\">\n\t\t\t\t\t<div class=\"e-con-inner\">\n\t\t\t\t<div class=\"elementor-element elementor-element-dfdb85a elementor-widget elementor-widget-shortcode\" data-id=\"dfdb85a\" data-element_type=\"widget\" data-e-type=\"widget\" data-widget_type=\"shortcode.default\">\n\t\t\t\t<div class=\"elementor-widget-container\">\n\t\t\t\t\t\t\t<div class=\"elementor-shortcode\"><div class=\"ct-posts-shortcode\" data-prefix=\"blog\"><div class=\"entries\" data-archive=\"default\" data-layout=\"grid\" data-cards=\"simple\"><article class=\"entry-card card-content post-2067 post type-post status-publish format-standard hentry category-releases tag-bullies tag-bullying tag-daniel-bydlowski tag-menos-bullying\" ><h2 class=\"entry-title\"><a href=\"https:\/\/danielbydlowski.com\/pt-br\/a-setima-arte-transforma-das-telas-as-escolas-brasileiras\/\" rel=\"bookmark\">A s\u00e9tima arte transforma: das telas \u00e0s escolas brasileiras<\/a><\/h2><div class=\"entry-excerpt\"><p>O premiado cineasta Daniel Bydlowski idealiza o projeto Mais Entretenimento, Menos Bullying como ferramenta para combater a viol\u00eancia nas escolas e falar diretamente com as v\u00edtimas &nbsp; Quando ser nerd n\u00e3o era geek, o cineasta Daniel Bydlowski sofria bullying. Ele\u2026<\/p>\n<\/div><a class=\"entry-button wp-element-button ct-button\" href=\"https:\/\/danielbydlowski.com\/pt-br\/a-setima-arte-transforma-das-telas-as-escolas-brasileiras\/\">Leia mais<span class=\"screen-reader-text\">A s\u00e9tima arte transforma: das telas \u00e0s escolas brasileiras<\/span><\/a><\/article><article class=\"entry-card card-content post-1071 post type-post status-publish format-standard hentry category-criticas category-releases tag-artigo tag-cinema tag-daniel-bydlowski tag-diario-de-pernambuco tag-filme tag-jigsaw tag-jogos-mortais tag-movie tag-terror\" ><h2 class=\"entry-title\"><a href=\"https:\/\/danielbydlowski.com\/pt-br\/jogos-mortais-jigsaw-brincadeiras-complexas-personagens-simples\/\" rel=\"bookmark\">Jogos Mortais: Jigsaw \u2013 Brincadeiras complexas, personagens simples<\/a><\/h2><div class=\"entry-excerpt\"><p>O primeiro Jogos Mortais, em 2004, influenciou muito o cinema de terror, especialmente o subg\u00eanero \u201cgore\u201d, aquele tipo de filme onde a viol\u00eancia na tela n\u00e3o somente \u00e9 gratuita, mas \u00e9 a principal fonte de entretenimento. A ideia do primeiro\u2026<\/p>\n<\/div><a class=\"entry-button wp-element-button ct-button\" href=\"https:\/\/danielbydlowski.com\/pt-br\/jogos-mortais-jigsaw-brincadeiras-complexas-personagens-simples\/\">Leia mais<span class=\"screen-reader-text\">Jogos Mortais: Jigsaw \u2013 Brincadeiras complexas, personagens simples<\/span><\/a><\/article><article class=\"entry-card card-content post-502 post type-post status-publish format-standard hentry category-releases\" ><h2 class=\"entry-title\"><a href=\"https:\/\/danielbydlowski.com\/pt-br\/daniel-bydlowski-no-ig\/\" rel=\"bookmark\">Daniel Bydlowski no IG<\/a><\/h2><div class=\"entry-excerpt\"><p>O cineasta Daniel Bydlowski produziu um artigo exclusivo para o portal IG sobre as novidades da 89\u00aa edi\u00e7\u00e3o do Oscar. Confira aqui.\u00a0<\/p>\n<\/div><a class=\"entry-button wp-element-button ct-button\" href=\"https:\/\/danielbydlowski.com\/pt-br\/daniel-bydlowski-no-ig\/\">Leia mais<span class=\"screen-reader-text\">Daniel Bydlowski no IG<\/span><\/a><\/article><article class=\"entry-card card-content post-499 post type-post status-publish format-standard hentry category-releases\" ><h2 class=\"entry-title\"><a href=\"https:\/\/danielbydlowski.com\/pt-br\/daniel-bydlowski-no-jornal-o-povo-caderno-vida-arte\/\" rel=\"bookmark\">O Povo &#8211; Moonlight: Sob a luz do luar<\/a><\/h2><div class=\"entry-excerpt\"><p>O cineasta Daniel Bydlowski colaborou para a mat\u00e9ria sobre o filme indicado ao Oscar, Moonlight: Sob a luz do luar. O conte\u00fado foi capa do caderno Vida &amp; Arte. Veja a mat\u00e9ria online aqui.<\/p>\n<\/div><a class=\"entry-button wp-element-button ct-button\" href=\"https:\/\/danielbydlowski.com\/pt-br\/daniel-bydlowski-no-jornal-o-povo-caderno-vida-arte\/\">Leia mais<span class=\"screen-reader-text\">O Povo &#8211; Moonlight: Sob a luz do luar<\/span><\/a><\/article><article class=\"entry-card card-content post-491 post type-post status-publish format-standard hentry category-releases\" ><h2 class=\"entry-title\"><a href=\"https:\/\/danielbydlowski.com\/pt-br\/e-o-oscar-vai-para-amazon\/\" rel=\"bookmark\">E o Oscar Vai Para a\u2026 Amazon.<\/a><\/h2><div class=\"entry-excerpt\"><p>Em meio ao jornalismo e um p\u00fablico altamente politizado \u2013 que est\u00e1 sempre focado em mensagens sociais e raciais dos indicados ao Oscar \u2013 \u00e9 f\u00e1cil n\u00e3o dar aten\u00e7\u00e3o para a maior surpresa na lista das produ\u00e7\u00f5es para os Pr\u00eamios\u2026<\/p>\n<\/div><a class=\"entry-button wp-element-button ct-button\" href=\"https:\/\/danielbydlowski.com\/pt-br\/e-o-oscar-vai-para-amazon\/\">Leia mais<span class=\"screen-reader-text\">E o Oscar Vai Para a\u2026 Amazon.<\/span><\/a><\/article><article class=\"entry-card card-content post-351 post type-post status-publish format-standard hentry category-releases tag-3d tag-daniel-bydlowski tag-filme tag-la tag-longa tag-los-angeles tag-nano-eden tag-realidade-virtual\" ><h2 class=\"entry-title\"><a href=\"https:\/\/danielbydlowski.com\/pt-br\/cineasta-brasileiro-produz-o-primeiro-longa-de-realidade-virtual-em-3d\/\" rel=\"bookmark\">Cineasta brasileiro produz o primeiro longa de realidade virtual em 3D<\/a><\/h2><div class=\"entry-excerpt\"><p>A pol\u00eamica em torno da Criogenia move a hist\u00f3ria futurista do casal Harriet e Peter em Nano \u00c9den, longa a ser lan\u00e7ado ainda em 2017 O brasileiro Daniel Bydlowski, doutorando na University of California, em Santa Barbara, nos Estados Unidos,\u2026<\/p>\n<\/div><a class=\"entry-button wp-element-button ct-button\" href=\"https:\/\/danielbydlowski.com\/pt-br\/cineasta-brasileiro-produz-o-primeiro-longa-de-realidade-virtual-em-3d\/\">Leia mais<span class=\"screen-reader-text\">Cineasta brasileiro produz o primeiro longa de realidade virtual em 3D<\/span><\/a><\/article><\/div><\/div><\/div>\n\t\t\t\t\t\t<\/div>\n\t\t\t\t<\/div>\n\t\t\t\t\t<\/div>\n\t\t\t\t<\/div>\n\t\t\t\t<\/div>\n\t\t","protected":false},"excerpt":{"rendered":"","protected":false},"author":1,"featured_media":0,"parent":0,"menu_order":0,"comment_status":"closed","ping_status":"closed","template":"","meta":{"footnotes":""},"class_list":["post-288","page","type-page","status-publish","hentry"],"blocksy_meta":[],"yoast_head":"<!-- This site is optimized with the Yoast SEO plugin v27.3 - https:\/\/yoast.com\/product\/yoast-seo-wordpress\/ -->\n<title>Releases | Daniel Bydlowski<\/title>\n<meta name=\"robots\" content=\"index, follow, max-snippet:-1, max-image-preview:large, max-video-preview:-1\" \/>\n<link rel=\"canonical\" href=\"https:\/\/danielbydlowski.com\/pt-br\/releases\/\" \/>\n<meta property=\"og:locale\" content=\"pt_BR\" \/>\n<meta property=\"og:type\" content=\"article\" \/>\n<meta property=\"og:title\" content=\"Releases | Daniel Bydlowski\" \/>\n<meta property=\"og:url\" content=\"https:\/\/danielbydlowski.com\/pt-br\/releases\/\" \/>\n<meta property=\"og:site_name\" content=\"Daniel Bydlowski\" \/>\n<meta property=\"article:publisher\" content=\"https:\/\/www.facebook.com\/DanielBydlowski\" \/>\n<meta property=\"article:modified_time\" content=\"2025-02-18T12:22:28+00:00\" \/>\n<meta name=\"twitter:card\" content=\"summary_large_image\" \/>\n<script type=\"application\/ld+json\" class=\"yoast-schema-graph\">{\"@context\":\"https:\\\/\\\/schema.org\",\"@graph\":[{\"@type\":\"WebPage\",\"@id\":\"https:\\\/\\\/danielbydlowski.com\\\/pt-br\\\/releases\\\/\",\"url\":\"https:\\\/\\\/danielbydlowski.com\\\/pt-br\\\/releases\\\/\",\"name\":\"Releases | Daniel Bydlowski\",\"isPartOf\":{\"@id\":\"https:\\\/\\\/danielbydlowski.com\\\/#website\"},\"datePublished\":\"2016-10-04T14:52:11+00:00\",\"dateModified\":\"2025-02-18T12:22:28+00:00\",\"breadcrumb\":{\"@id\":\"https:\\\/\\\/danielbydlowski.com\\\/pt-br\\\/releases\\\/#breadcrumb\"},\"inLanguage\":\"pt-BR\",\"potentialAction\":[{\"@type\":\"ReadAction\",\"target\":[\"https:\\\/\\\/danielbydlowski.com\\\/pt-br\\\/releases\\\/\"]}]},{\"@type\":\"BreadcrumbList\",\"@id\":\"https:\\\/\\\/danielbydlowski.com\\\/pt-br\\\/releases\\\/#breadcrumb\",\"itemListElement\":[{\"@type\":\"ListItem\",\"position\":1,\"name\":\"In\u00edcio\",\"item\":\"https:\\\/\\\/danielbydlowski.com\\\/\"},{\"@type\":\"ListItem\",\"position\":2,\"name\":\"Releases\"}]},{\"@type\":\"WebSite\",\"@id\":\"https:\\\/\\\/danielbydlowski.com\\\/#website\",\"url\":\"https:\\\/\\\/danielbydlowski.com\\\/\",\"name\":\"Daniel Bydlowski\",\"description\":\"Film Director\",\"potentialAction\":[{\"@type\":\"SearchAction\",\"target\":{\"@type\":\"EntryPoint\",\"urlTemplate\":\"https:\\\/\\\/danielbydlowski.com\\\/?s={search_term_string}\"},\"query-input\":{\"@type\":\"PropertyValueSpecification\",\"valueRequired\":true,\"valueName\":\"search_term_string\"}}],\"inLanguage\":\"pt-BR\"}]}<\/script>\n<!-- \/ Yoast SEO plugin. -->","yoast_head_json":{"title":"Releases | Daniel Bydlowski","robots":{"index":"index","follow":"follow","max-snippet":"max-snippet:-1","max-image-preview":"max-image-preview:large","max-video-preview":"max-video-preview:-1"},"canonical":"https:\/\/danielbydlowski.com\/pt-br\/releases\/","og_locale":"pt_BR","og_type":"article","og_title":"Releases | Daniel Bydlowski","og_url":"https:\/\/danielbydlowski.com\/pt-br\/releases\/","og_site_name":"Daniel Bydlowski","article_publisher":"https:\/\/www.facebook.com\/DanielBydlowski","article_modified_time":"2025-02-18T12:22:28+00:00","twitter_card":"summary_large_image","schema":{"@context":"https:\/\/schema.org","@graph":[{"@type":"WebPage","@id":"https:\/\/danielbydlowski.com\/pt-br\/releases\/","url":"https:\/\/danielbydlowski.com\/pt-br\/releases\/","name":"Releases | Daniel Bydlowski","isPartOf":{"@id":"https:\/\/danielbydlowski.com\/#website"},"datePublished":"2016-10-04T14:52:11+00:00","dateModified":"2025-02-18T12:22:28+00:00","breadcrumb":{"@id":"https:\/\/danielbydlowski.com\/pt-br\/releases\/#breadcrumb"},"inLanguage":"pt-BR","potentialAction":[{"@type":"ReadAction","target":["https:\/\/danielbydlowski.com\/pt-br\/releases\/"]}]},{"@type":"BreadcrumbList","@id":"https:\/\/danielbydlowski.com\/pt-br\/releases\/#breadcrumb","itemListElement":[{"@type":"ListItem","position":1,"name":"In\u00edcio","item":"https:\/\/danielbydlowski.com\/"},{"@type":"ListItem","position":2,"name":"Releases"}]},{"@type":"WebSite","@id":"https:\/\/danielbydlowski.com\/#website","url":"https:\/\/danielbydlowski.com\/","name":"Daniel Bydlowski","description":"Film Director","potentialAction":[{"@type":"SearchAction","target":{"@type":"EntryPoint","urlTemplate":"https:\/\/danielbydlowski.com\/?s={search_term_string}"},"query-input":{"@type":"PropertyValueSpecification","valueRequired":true,"valueName":"search_term_string"}}],"inLanguage":"pt-BR"}]}},"_links":{"self":[{"href":"https:\/\/danielbydlowski.com\/pt-br\/wp-json\/wp\/v2\/pages\/288","targetHints":{"allow":["GET"]}}],"collection":[{"href":"https:\/\/danielbydlowski.com\/pt-br\/wp-json\/wp\/v2\/pages"}],"about":[{"href":"https:\/\/danielbydlowski.com\/pt-br\/wp-json\/wp\/v2\/types\/page"}],"author":[{"embeddable":true,"href":"https:\/\/danielbydlowski.com\/pt-br\/wp-json\/wp\/v2\/users\/1"}],"replies":[{"embeddable":true,"href":"https:\/\/danielbydlowski.com\/pt-br\/wp-json\/wp\/v2\/comments?post=288"}],"version-history":[{"count":10,"href":"https:\/\/danielbydlowski.com\/pt-br\/wp-json\/wp\/v2\/pages\/288\/revisions"}],"predecessor-version":[{"id":2298,"href":"https:\/\/danielbydlowski.com\/pt-br\/wp-json\/wp\/v2\/pages\/288\/revisions\/2298"}],"wp:attachment":[{"href":"https:\/\/danielbydlowski.com\/pt-br\/wp-json\/wp\/v2\/media?parent=288"}],"curies":[{"name":"wp","href":"https:\/\/api.w.org\/{rel}","templated":true}]}}