{"id":2277,"date":"2021-06-18T14:57:02","date_gmt":"2021-06-18T17:57:02","guid":{"rendered":"https:\/\/danielbydlowski.com\/?page_id=2277"},"modified":"2025-02-17T09:48:52","modified_gmt":"2025-02-17T12:48:52","slug":"sobre","status":"publish","type":"page","link":"https:\/\/danielbydlowski.com\/pt-br\/sobre\/","title":{"rendered":"Sobre"},"content":{"rendered":"\t\t<div data-elementor-type=\"wp-page\" data-elementor-id=\"2277\" class=\"elementor elementor-2277\">\n\t\t\t\t<div class=\"elementor-element elementor-element-f0b1c99 e-flex e-con-boxed e-con e-parent\" data-id=\"f0b1c99\" data-element_type=\"container\" data-e-type=\"container\">\n\t\t\t\t\t<div class=\"e-con-inner\">\n\t\t\t\t<div class=\"elementor-element elementor-element-7537909 elementor-widget elementor-widget-image\" data-id=\"7537909\" data-element_type=\"widget\" data-e-type=\"widget\" data-widget_type=\"image.default\">\n\t\t\t\t<div class=\"elementor-widget-container\">\n\t\t\t\t\t\t\t\t\t\t\t\t<figure class=\"wp-caption\">\n\t\t\t\t\t\t\t\t\t\t<img fetchpriority=\"high\" decoding=\"async\" width=\"768\" height=\"512\" src=\"https:\/\/danielbydlowski.com\/wp-content\/uploads\/2019\/01\/Daniel-Bydlowski-15-768x512.png\" class=\"attachment-medium_large size-medium_large wp-image-1538\" alt=\"\" srcset=\"https:\/\/danielbydlowski.com\/wp-content\/uploads\/2019\/01\/Daniel-Bydlowski-15-768x512.png 768w, https:\/\/danielbydlowski.com\/wp-content\/uploads\/2019\/01\/Daniel-Bydlowski-15-300x200.png 300w, https:\/\/danielbydlowski.com\/wp-content\/uploads\/2019\/01\/Daniel-Bydlowski-15-1024x683.png 1024w, https:\/\/danielbydlowski.com\/wp-content\/uploads\/2019\/01\/Daniel-Bydlowski-15.png 1600w\" sizes=\"(max-width: 768px) 100vw, 768px\" \/>\t\t\t\t\t\t\t\t\t\t\t<figcaption class=\"widget-image-caption wp-caption-text\">Daniel Bydlowski\u00a0is an award winning Brazilian filmmaker.<\/figcaption>\n\t\t\t\t\t\t\t\t\t\t<\/figure>\n\t\t\t\t\t\t\t\t\t<\/div>\n\t\t\t\t<\/div>\n\t\t\t\t\t<\/div>\n\t\t\t\t<\/div>\n\t\t<div class=\"elementor-element elementor-element-6a99adbb e-flex e-con-boxed e-con e-parent\" data-id=\"6a99adbb\" data-element_type=\"container\" data-e-type=\"container\">\n\t\t\t\t\t<div class=\"e-con-inner\">\n\t\t\t\t<div class=\"elementor-element elementor-element-bcbe557 elementor-widget elementor-widget-heading\" data-id=\"bcbe557\" data-element_type=\"widget\" data-e-type=\"widget\" data-widget_type=\"heading.default\">\n\t\t\t\t<div class=\"elementor-widget-container\">\n\t\t\t\t\t<h2 class=\"elementor-heading-title elementor-size-default\">Daniel Bydlowski \u00e9 um premiado cineasta brasileiro.<\/h2>\t\t\t\t<\/div>\n\t\t\t\t<\/div>\n\t\t\t\t<div class=\"elementor-element elementor-element-57e78161 elementor-widget elementor-widget-text-editor\" data-id=\"57e78161\" data-element_type=\"widget\" data-e-type=\"widget\" data-widget_type=\"text-editor.default\">\n\t\t\t\t<div class=\"elementor-widget-container\">\n\t\t\t\t\t\t\t\t\t<p>O cineasta brasileiro Daniel Bydlowski \u00e9 membro do Directors Guild of America e artista de realidade virtual. Faz parte do j\u00fari de festivais internacionais de cinema e pesquisa temas relacionados \u00e0s novas tecnologias de m\u00eddia, como a realidade virtual e o future do cinema. Daniel tamb\u00e9m tenta conscientizar as pessoas com quest\u00f5es sociais ligadas \u00e0 sa\u00fade, educa\u00e7\u00e3o e bullying nas escolas. \u00c9 mestre pela University of Southern California (USC), considerada a melhor faculdade de cinema dos Estados Unidos.<\/p><p>Atualmente, cursa doutorado na University of California, em Santa Barbara, nos Estados Unidos. Recentemente, seu filme Bullies foi premiado em NewPort Beach como melhor curta infantil, no Comic-Con recebeu 2 pr\u00eamios: melhor filme fantasia e pr\u00eamio especial do j\u00fari. O Ticket for Success, tamb\u00e9m do cineasta, foi selecionado no Animamundi e ganhou de melhor curta internacional pelo Moondance International Film Festival.<\/p><p><script src=\"https:\/\/player.vimeo.com\/api\/player.js\"><\/script><\/p>\t\t\t\t\t\t\t\t<\/div>\n\t\t\t\t<\/div>\n\t\t\t\t\t<\/div>\n\t\t\t\t<\/div>\n\t\t<div class=\"elementor-element elementor-element-be2a132 e-flex e-con-boxed e-con e-parent\" data-id=\"be2a132\" data-element_type=\"container\" data-e-type=\"container\">\n\t\t\t\t\t<div class=\"e-con-inner\">\n\t\t\t\t<div class=\"elementor-element elementor-element-2c7e711 elementor-widget elementor-widget-video\" data-id=\"2c7e711\" data-element_type=\"widget\" data-e-type=\"widget\" data-settings=\"{&quot;video_type&quot;:&quot;vimeo&quot;}\" data-widget_type=\"video.default\">\n\t\t\t\t<div class=\"elementor-widget-container\">\n\t\t\t\t\t\t\t<div class=\"elementor-wrapper elementor-open-inline\">\n\t\t\t<iframe class=\"elementor-video-iframe\" allowfullscreen allow=\"clipboard-write\" title=\"Reprodutor de v\u00eddeo vimeo\" src=\"https:\/\/player.vimeo.com\/video\/564458498?color&amp;autopause=0&amp;loop=0&amp;muted=0&amp;title=1&amp;portrait=1&amp;byline=1#t=\"><\/iframe>\t\t<\/div>\n\t\t\t\t\t\t<\/div>\n\t\t\t\t<\/div>\n\t\t\t\t\t<\/div>\n\t\t\t\t<\/div>\n\t\t\t\t<\/div>\n\t\t","protected":false},"excerpt":{"rendered":"<p>Daniel Bydlowski\u00a0is an award winning Brazilian filmmaker. Daniel Bydlowski \u00e9 um premiado cineasta brasileiro. O cineasta brasileiro Daniel Bydlowski \u00e9 membro do Directors Guild of America e artista de realidade virtual. Faz parte do j\u00fari de festivais internacionais de cinema e pesquisa temas relacionados \u00e0s novas tecnologias de m\u00eddia, como a realidade virtual e o [&hellip;]<\/p>\n","protected":false},"author":2,"featured_media":0,"parent":0,"menu_order":0,"comment_status":"closed","ping_status":"closed","template":"","meta":{"footnotes":""},"class_list":["post-2277","page","type-page","status-publish","hentry"],"blocksy_meta":[],"yoast_head":"<!-- This site is optimized with the Yoast SEO plugin v27.3 - https:\/\/yoast.com\/product\/yoast-seo-wordpress\/ -->\n<title>Sobre | Daniel Bydlowski<\/title>\n<meta name=\"robots\" content=\"index, follow, max-snippet:-1, max-image-preview:large, max-video-preview:-1\" \/>\n<link rel=\"canonical\" href=\"https:\/\/danielbydlowski.com\/pt-br\/sobre\/\" \/>\n<meta property=\"og:locale\" content=\"pt_BR\" \/>\n<meta property=\"og:type\" content=\"article\" \/>\n<meta property=\"og:title\" content=\"Sobre | Daniel Bydlowski\" \/>\n<meta property=\"og:description\" content=\"Daniel Bydlowski\u00a0is an award winning Brazilian filmmaker. Daniel Bydlowski \u00e9 um premiado cineasta brasileiro. O cineasta brasileiro Daniel Bydlowski \u00e9 membro do Directors Guild of America e artista de realidade virtual. Faz parte do j\u00fari de festivais internacionais de cinema e pesquisa temas relacionados \u00e0s novas tecnologias de m\u00eddia, como a realidade virtual e o [&hellip;]\" \/>\n<meta property=\"og:url\" content=\"https:\/\/danielbydlowski.com\/pt-br\/sobre\/\" \/>\n<meta property=\"og:site_name\" content=\"Daniel Bydlowski\" \/>\n<meta property=\"article:publisher\" content=\"https:\/\/www.facebook.com\/DanielBydlowski\" \/>\n<meta property=\"article:modified_time\" content=\"2025-02-17T12:48:52+00:00\" \/>\n<meta property=\"og:image\" content=\"https:\/\/danielbydlowski.com\/wp-content\/uploads\/2019\/01\/Daniel-Bydlowski-15-1024x683.png\" \/>\n\t<meta property=\"og:image:width\" content=\"1024\" \/>\n\t<meta property=\"og:image:height\" content=\"683\" \/>\n\t<meta property=\"og:image:type\" content=\"image\/png\" \/>\n<meta name=\"twitter:card\" content=\"summary_large_image\" \/>\n<meta name=\"twitter:label1\" content=\"Est. tempo de leitura\" \/>\n\t<meta name=\"twitter:data1\" content=\"1 minuto\" \/>\n<script type=\"application\/ld+json\" class=\"yoast-schema-graph\">{\"@context\":\"https:\\\/\\\/schema.org\",\"@graph\":[{\"@type\":\"WebPage\",\"@id\":\"https:\\\/\\\/danielbydlowski.com\\\/pt-br\\\/sobre\\\/\",\"url\":\"https:\\\/\\\/danielbydlowski.com\\\/pt-br\\\/sobre\\\/\",\"name\":\"Sobre | Daniel Bydlowski\",\"isPartOf\":{\"@id\":\"https:\\\/\\\/danielbydlowski.com\\\/#website\"},\"primaryImageOfPage\":{\"@id\":\"https:\\\/\\\/danielbydlowski.com\\\/pt-br\\\/sobre\\\/#primaryimage\"},\"image\":{\"@id\":\"https:\\\/\\\/danielbydlowski.com\\\/pt-br\\\/sobre\\\/#primaryimage\"},\"thumbnailUrl\":\"https:\\\/\\\/danielbydlowski.com\\\/wp-content\\\/uploads\\\/2019\\\/01\\\/Daniel-Bydlowski-15-768x512.png\",\"datePublished\":\"2021-06-18T17:57:02+00:00\",\"dateModified\":\"2025-02-17T12:48:52+00:00\",\"breadcrumb\":{\"@id\":\"https:\\\/\\\/danielbydlowski.com\\\/pt-br\\\/sobre\\\/#breadcrumb\"},\"inLanguage\":\"pt-BR\",\"potentialAction\":[{\"@type\":\"ReadAction\",\"target\":[\"https:\\\/\\\/danielbydlowski.com\\\/pt-br\\\/sobre\\\/\"]}]},{\"@type\":\"ImageObject\",\"inLanguage\":\"pt-BR\",\"@id\":\"https:\\\/\\\/danielbydlowski.com\\\/pt-br\\\/sobre\\\/#primaryimage\",\"url\":\"https:\\\/\\\/danielbydlowski.com\\\/wp-content\\\/uploads\\\/2019\\\/01\\\/Daniel-Bydlowski-15-768x512.png\",\"contentUrl\":\"https:\\\/\\\/danielbydlowski.com\\\/wp-content\\\/uploads\\\/2019\\\/01\\\/Daniel-Bydlowski-15-768x512.png\"},{\"@type\":\"BreadcrumbList\",\"@id\":\"https:\\\/\\\/danielbydlowski.com\\\/pt-br\\\/sobre\\\/#breadcrumb\",\"itemListElement\":[{\"@type\":\"ListItem\",\"position\":1,\"name\":\"In\u00edcio\",\"item\":\"https:\\\/\\\/danielbydlowski.com\\\/\"},{\"@type\":\"ListItem\",\"position\":2,\"name\":\"Sobre\"}]},{\"@type\":\"WebSite\",\"@id\":\"https:\\\/\\\/danielbydlowski.com\\\/#website\",\"url\":\"https:\\\/\\\/danielbydlowski.com\\\/\",\"name\":\"Daniel Bydlowski\",\"description\":\"Film Director\",\"potentialAction\":[{\"@type\":\"SearchAction\",\"target\":{\"@type\":\"EntryPoint\",\"urlTemplate\":\"https:\\\/\\\/danielbydlowski.com\\\/?s={search_term_string}\"},\"query-input\":{\"@type\":\"PropertyValueSpecification\",\"valueRequired\":true,\"valueName\":\"search_term_string\"}}],\"inLanguage\":\"pt-BR\"}]}<\/script>\n<!-- \/ Yoast SEO plugin. -->","yoast_head_json":{"title":"Sobre | Daniel Bydlowski","robots":{"index":"index","follow":"follow","max-snippet":"max-snippet:-1","max-image-preview":"max-image-preview:large","max-video-preview":"max-video-preview:-1"},"canonical":"https:\/\/danielbydlowski.com\/pt-br\/sobre\/","og_locale":"pt_BR","og_type":"article","og_title":"Sobre | Daniel Bydlowski","og_description":"Daniel Bydlowski\u00a0is an award winning Brazilian filmmaker. Daniel Bydlowski \u00e9 um premiado cineasta brasileiro. O cineasta brasileiro Daniel Bydlowski \u00e9 membro do Directors Guild of America e artista de realidade virtual. Faz parte do j\u00fari de festivais internacionais de cinema e pesquisa temas relacionados \u00e0s novas tecnologias de m\u00eddia, como a realidade virtual e o [&hellip;]","og_url":"https:\/\/danielbydlowski.com\/pt-br\/sobre\/","og_site_name":"Daniel Bydlowski","article_publisher":"https:\/\/www.facebook.com\/DanielBydlowski","article_modified_time":"2025-02-17T12:48:52+00:00","og_image":[{"width":1024,"height":683,"url":"https:\/\/danielbydlowski.com\/wp-content\/uploads\/2019\/01\/Daniel-Bydlowski-15-1024x683.png","type":"image\/png"}],"twitter_card":"summary_large_image","twitter_misc":{"Est. tempo de leitura":"1 minuto"},"schema":{"@context":"https:\/\/schema.org","@graph":[{"@type":"WebPage","@id":"https:\/\/danielbydlowski.com\/pt-br\/sobre\/","url":"https:\/\/danielbydlowski.com\/pt-br\/sobre\/","name":"Sobre | Daniel Bydlowski","isPartOf":{"@id":"https:\/\/danielbydlowski.com\/#website"},"primaryImageOfPage":{"@id":"https:\/\/danielbydlowski.com\/pt-br\/sobre\/#primaryimage"},"image":{"@id":"https:\/\/danielbydlowski.com\/pt-br\/sobre\/#primaryimage"},"thumbnailUrl":"https:\/\/danielbydlowski.com\/wp-content\/uploads\/2019\/01\/Daniel-Bydlowski-15-768x512.png","datePublished":"2021-06-18T17:57:02+00:00","dateModified":"2025-02-17T12:48:52+00:00","breadcrumb":{"@id":"https:\/\/danielbydlowski.com\/pt-br\/sobre\/#breadcrumb"},"inLanguage":"pt-BR","potentialAction":[{"@type":"ReadAction","target":["https:\/\/danielbydlowski.com\/pt-br\/sobre\/"]}]},{"@type":"ImageObject","inLanguage":"pt-BR","@id":"https:\/\/danielbydlowski.com\/pt-br\/sobre\/#primaryimage","url":"https:\/\/danielbydlowski.com\/wp-content\/uploads\/2019\/01\/Daniel-Bydlowski-15-768x512.png","contentUrl":"https:\/\/danielbydlowski.com\/wp-content\/uploads\/2019\/01\/Daniel-Bydlowski-15-768x512.png"},{"@type":"BreadcrumbList","@id":"https:\/\/danielbydlowski.com\/pt-br\/sobre\/#breadcrumb","itemListElement":[{"@type":"ListItem","position":1,"name":"In\u00edcio","item":"https:\/\/danielbydlowski.com\/"},{"@type":"ListItem","position":2,"name":"Sobre"}]},{"@type":"WebSite","@id":"https:\/\/danielbydlowski.com\/#website","url":"https:\/\/danielbydlowski.com\/","name":"Daniel Bydlowski","description":"Film Director","potentialAction":[{"@type":"SearchAction","target":{"@type":"EntryPoint","urlTemplate":"https:\/\/danielbydlowski.com\/?s={search_term_string}"},"query-input":{"@type":"PropertyValueSpecification","valueRequired":true,"valueName":"search_term_string"}}],"inLanguage":"pt-BR"}]}},"_links":{"self":[{"href":"https:\/\/danielbydlowski.com\/pt-br\/wp-json\/wp\/v2\/pages\/2277","targetHints":{"allow":["GET"]}}],"collection":[{"href":"https:\/\/danielbydlowski.com\/pt-br\/wp-json\/wp\/v2\/pages"}],"about":[{"href":"https:\/\/danielbydlowski.com\/pt-br\/wp-json\/wp\/v2\/types\/page"}],"author":[{"embeddable":true,"href":"https:\/\/danielbydlowski.com\/pt-br\/wp-json\/wp\/v2\/users\/2"}],"replies":[{"embeddable":true,"href":"https:\/\/danielbydlowski.com\/pt-br\/wp-json\/wp\/v2\/comments?post=2277"}],"version-history":[{"count":4,"href":"https:\/\/danielbydlowski.com\/pt-br\/wp-json\/wp\/v2\/pages\/2277\/revisions"}],"predecessor-version":[{"id":2281,"href":"https:\/\/danielbydlowski.com\/pt-br\/wp-json\/wp\/v2\/pages\/2277\/revisions\/2281"}],"wp:attachment":[{"href":"https:\/\/danielbydlowski.com\/pt-br\/wp-json\/wp\/v2\/media?parent=2277"}],"curies":[{"name":"wp","href":"https:\/\/api.w.org\/{rel}","templated":true}]}}